{"id":1748,"date":"2025-05-01T12:30:47","date_gmt":"2025-05-01T12:30:47","guid":{"rendered":"http:\/\/www.kajakevent.pl\/?page_id=1748"},"modified":"2026-04-20T18:03:18","modified_gmt":"2026-04-20T18:03:18","slug":"regulamin-warunki-uczestnictwa-oraz-zasady-bezpieczenstwa-splywow-kajkowych-z-kajak-event","status":"publish","type":"page","link":"http:\/\/www.kajakevent.pl\/?page_id=1748","title":{"rendered":"Regulamin, Warunki uczestnictwa oraz Zasady bezpiecze\u0144stwa Sp\u0142yw\u00f3w Kajkowych z Kajak Event"},"content":{"rendered":"\n<p><span class=\"has-inline-color has-black-color\"><strong>REGULAMIN SP\u0141YW\u00d3W KAJAKOWYCH<br>KAJAK EVENT Izabela Zmarz\u0142y<br><\/strong>ul. Juliusza S\u0142owackiego 4\/3, 56-420 Bierut\u00f3w<br>Tel. +48 661 441 356 | E-mail: kontakt@kajakevent.pl<br><a href=\"http:\/\/facebook.com\/kajakevent\">facebook.com\/kajakevent<\/a> |<a href=\"http:\/\/www.kajakevent.pl\"> www.kajakevent.pl<\/a><\/span><\/p>\n\n\n\n<hr class=\"wp-block-separator\"\/>\n\n\n\n<h3><strong><span class=\"has-inline-color has-black-color\">\u00a71 POSTANOWIENIA OG\u00d3LNE<\/span><\/strong><\/h3>\n\n\n\n<ol><li><span class=\"has-inline-color has-black-color\">Regulamin okre\u015bla warunki rezerwacji sprz\u0119tu i korzystania z us\u0142ug firmy <strong>KAJAK EVENT Izabela Zmarz\u0142y<\/strong> z siedzib\u0105 w Bierutowie, ul. Juliusza S\u0142owackiego 4\/3, 56-420 zwanym dalej Firm\u0105.<\/span><\/li><li><span class=\"has-inline-color has-black-color\">Dokonanie rezerwacji lub wypo\u017cyczenie sprz\u0119tu jest jednoznaczne z zapoznaniem si\u0119 i akceptacj\u0105 niniejszego regulaminu.<\/span><\/li><li><span class=\"has-inline-color has-black-color\">Regulamin jest dost\u0119pny do wgl\u0105du na stronie internetowej:<a href=\"http:\/\/www.kajakevent.pl\"> www.kajakevent.pl<\/a>.<\/span><\/li><li><span class=\"has-inline-color has-black-color\">Ka\u017cdy uczestnik sp\u0142ywu, kt\u00f3ry wypo\u017cycza sprz\u0119t od firmy, ponosi pe\u0142n\u0105 odpowiedzialno\u015b\u0107 za jego u\u017cytkowanie.<\/span><\/li><li><span class=\"has-inline-color has-black-color\">Uczestnik zobowi\u0105zany jest do naprawienia wszelkich szk\u00f3d lub pokrycia koszt\u00f3w ich naprawy, je\u015bli powsta\u0142y one na skutek niew\u0142a\u015bciwego u\u017cytkowania sprz\u0119tu (np. przeci\u0105ganie, rzucanie, zderzenia, obijanie o przeszkody).<\/span><\/li><li><span class=\"has-inline-color has-black-color\">Firma KAJAK EVENT zapewnia:<\/span><ul><li><span class=\"has-inline-color has-black-color\">sprz\u0119t do sp\u0142yw\u00f3w kajakowych (kajaki, wios\u0142a, kamizelki asekuracyjne),<\/span><\/li><li><span class=\"has-inline-color has-black-color\">transport wypo\u017cyczonego sprz\u0119tu oraz uczestnik\u00f3w na miejsce rozpocz\u0119cia sp\u0142ywu \u2013 zgodnie z ustaleniami zawartymi w ofercie lub rezerwacji.<\/span><\/li><\/ul><\/li><\/ol>\n\n\n\n<hr class=\"wp-block-separator\"\/>\n\n\n\n<h3><strong><span class=\"has-inline-color has-black-color\">\u00a72 WARUNKI UCZESTNICTWA<\/span><\/strong><\/h3>\n\n\n\n<ol><li><span class=\"has-inline-color has-black-color\">Uczestnikiem sp\u0142ywu mo\u017ce by\u0107 ka\u017cda osoba pe\u0142noletnia. Osoby niepe\u0142noletnie mog\u0105 uczestniczy\u0107 w sp\u0142ywie wy\u0142\u0105cznie pod opiek\u0105 rodzic\u00f3w lub pe\u0142noletniego opiekuna, kt\u00f3ry ponosi za nie pe\u0142n\u0105 odpowiedzialno\u015b\u0107.<\/span><\/li><li><span class=\"has-inline-color has-black-color\">Ka\u017cdy uczestnik sp\u0142ywu bierze pe\u0142n\u0105 odpowiedzialno\u015b\u0107 za \u017cycie swoje i os\u00f3b, kt\u00f3re s\u0105 pod jego opiek\u0105.<\/span><\/li><li><span class=\"has-inline-color has-black-color\">Uczestnik powinien by\u0107 w stanie umo\u017cliwiaj\u0105cym bezpieczne uczestnictwo w sp\u0142ywie \u2013 stan nietrze\u017awo\u015bci lub pod wp\u0142ywem \u015brodk\u00f3w odurzaj\u0105cych wyklucza udzia\u0142.<\/span><\/li><li><span class=\"has-inline-color has-black-color\">Uczestnik powinien umie\u0107 p\u0142ywa\u0107. Prawo udzia\u0142u w sp\u0142ywie maj\u0105 osoby, kt\u00f3rych stan zdrowia pozwala na udzia\u0142 w sp\u0142ywie, bez wzgl\u0119du na umiej\u0119tno\u015b\u0107 p\u0142ywania.<\/span><\/li><li><span class=\"has-inline-color has-black-color\">Uczestnik bierze udzia\u0142 w sp\u0142ywie na w\u0142asn\u0105 odpowiedzialno\u015b\u0107. Firma wypo\u017cycza jedynie sprz\u0119t i nie ponosi odpowiedzialno\u015bci za ewentualne szkody osobowe, rzeczowe czy maj\u0105tkowe.<\/span><\/li><li><span class=\"has-inline-color has-black-color\">Ubezpieczenie od nast\u0119pstw nieszcz\u0119\u015bliwych wypadk\u00f3w (NNW) uczestnik zapewnia we w\u0142asnym zakresie.<\/span><\/li><\/ol>\n\n\n\n<hr class=\"wp-block-separator\"\/>\n\n\n\n<h3><strong><span class=\"has-inline-color has-black-color\">\u00a73 OBOWI\u0104ZKI UCZESTNIK\u00d3W<\/span><\/strong><\/h3>\n\n\n\n<ol><li><span class=\"has-inline-color has-black-color\">Uczestnik zobowi\u0105zany jest do:<\/span><ul><li><span class=\"has-inline-color has-black-color\">stosowania si\u0119 do polece\u0144 organizatora i os\u00f3b prowadz\u0105cych sp\u0142yw,<\/span><\/li><li><span class=\"has-inline-color has-black-color\">noszenia kamizelki asekuracyjnej przez ca\u0142y czas trwania sp\u0142ywu,<\/span><\/li><li><span class=\"has-inline-color has-black-color\">zachowania szczeg\u00f3lnej ostro\u017cno\u015bci w pobli\u017cu prog\u00f3w, tam, zwalonych drzew, most\u00f3w i innych przeszk\u00f3d,<\/span><\/li><li><span class=\"has-inline-color has-black-color\">poszanowania przyrody \u2013 zakaz za\u015bmiecania, niszczenia ro\u015blinno\u015bci oraz p\u0142oszenia zwierz\u0105t.<\/span><\/li><\/ul><\/li><li><span class=\"has-inline-color has-black-color\">Zabronione jest:<\/span><ul><li><span class=\"has-inline-color has-black-color\">spo\u017cywanie alkoholu i \u015brodk\u00f3w odurzaj\u0105cych w czasie sp\u0142ywu,<\/span><\/li><li><span class=\"has-inline-color has-black-color\">wchodzenie i wyskakiwanie z kajaka w miejscach niedozwolonych,<\/span><\/li><li><span class=\"has-inline-color has-black-color\">samowolne oddzielanie si\u0119 od grupy bez zgody organizatora.<\/span><\/li><\/ul><\/li><li><span class=\"has-inline-color has-black-color\">Uczestnik powinien:<\/span><ul><li><span class=\"has-inline-color has-black-color\">dostosowa\u0107 tras\u0119 sp\u0142ywu do swoich umiej\u0119tno\u015bci i kondycji fizycznej,<\/span><\/li><li><span class=\"has-inline-color has-black-color\">zabezpieczy\u0107 swoje rzeczy osobiste przed zamoczeniem lub zgubieniem,<\/span><\/li><li><span class=\"has-inline-color has-black-color\">posiada\u0107 odpowiedni str\u00f3j i obuwie do warunk\u00f3w pogodowych oraz ewentualnego kontaktu z wod\u0105.<\/span><\/li><\/ul><\/li><\/ol>\n\n\n\n<hr class=\"wp-block-separator\"\/>\n\n\n\n<h3><strong><span class=\"has-inline-color has-black-color\">\u00a74 ODPOWIEDZIALNO\u015a\u0106<\/span><\/strong><\/h3>\n\n\n\n<ol><li><span class=\"has-inline-color has-black-color\">Firma nie ponosi odpowiedzialno\u015bci za szkody powsta\u0142e w wyniku niestosowania si\u0119 do niniejszego regulaminu, niew\u0142a\u015bciwego u\u017cytkowania sprz\u0119tu lub dzia\u0142ania si\u0142y wy\u017cszej.<\/span><\/li><li><span class=\"has-inline-color has-black-color\">Uczestnik odpowiada materialnie za powierzony sprz\u0119t (kajak, wios\u0142a, kamizelki, torby wodoodporne) \u2013 w przypadku uszkodzenia, zagubienia lub zniszczenia zostanie obci\u0105\u017cony kosztami naprawy lub zakupu nowego sprz\u0119tu.<\/span><\/li><li><span class=\"has-inline-color has-black-color\">Firma zastrzega sobie prawo do odmowy uczestnictwa osobie, kt\u00f3ra nie spe\u0142nia warunk\u00f3w bezpiecze\u0144stwa.<\/span><\/li><\/ol>\n\n\n\n<hr class=\"wp-block-separator\"\/>\n\n\n\n<h3><strong><span class=\"has-inline-color has-black-color\">\u00a75 ORGANIZACJA SP\u0141YWU<\/span><\/strong><\/h3>\n\n\n\n<ol><li><span class=\"has-inline-color has-black-color\">Sp\u0142ywy odbywaj\u0105 si\u0119 zgodnie z ustalonym harmonogramem podanym przez Firm\u0119..<\/span><\/li><li><span class=\"has-inline-color has-black-color\">Firma zapewnia:<\/span><ul><li><span class=\"has-inline-color has-black-color\">sprz\u0119t wodny (kajaki, wios\u0142a, kamizelki asekuracyjne, torby wodoodporne),<\/span><\/li><li><span class=\"has-inline-color has-black-color\">pomoc organizacyjn\u0105 na trasie,<\/span><\/li><li><span class=\"has-inline-color has-black-color\">transport kierowc\u00f3w po zako\u0144czonym sp\u0142ywie na miejsce startu \u2013 o ile zosta\u0142o to wcze\u015bniej ustalone,<\/span><\/li><li><span class=\"has-inline-color has-black-color\">wskazanie miejsca wodowania i zako\u0144czenia sp\u0142ywu.<\/span><\/li><\/ul><\/li><li><span class=\"has-inline-color has-black-color\">Dojazd na miejsce startu oraz odbi\u00f3r z mety sp\u0142ywu odbywa si\u0119 we w\u0142asnym zakresie (chyba \u017ce Firma ustali inaczej).<\/span><\/li><li><span class=\"has-inline-color has-black-color\">Ka\u017cdy uczestnik sp\u0142ywu zobowi\u0105zany jest do:<\/span><ul><li><span class=\"has-inline-color has-black-color\">noszenia kamizelki asekuracyjnej zgodnie z jej przeznaczeniem,<\/span><\/li><li><span class=\"has-inline-color has-black-color\">odpowiedzialnego zachowania na wodzie, z poszanowaniem bezpiecze\u0144stwa innych uczestnik\u00f3w i os\u00f3b trzecich.<\/span><\/li><\/ul><\/li><li><span class=\"has-inline-color has-black-color\">Grupy zorganizowane (szkolne i m\u0142odzie\u017cowe) mog\u0105 bra\u0107 udzia\u0142 w sp\u0142ywie wy\u0142\u0105cznie pod opiek\u0105 pe\u0142noletnich opiekun\u00f3w lub wychowawc\u00f3w.<\/span><\/li><li><span class=\"has-inline-color has-black-color\">Obowi\u0105zuje bezwzgl\u0119dny zakaz sp\u0142ywania na progach wodnych, jazach i innych niebezpiecznych przeszkodach. Kajaki nale\u017cy w takich miejscach przenie\u015b\u0107 l\u0105dem.<\/span><\/li><li><span class=\"has-inline-color has-black-color\">Zabrania si\u0119:<\/span><ul><li><span class=\"has-inline-color has-black-color\">siadania\/stawania w kajaku na l\u0105dzie,<\/span><\/li><li><span class=\"has-inline-color has-black-color\">siadania na burtach, dziobie lub rufie,<\/span><\/li><li><span class=\"has-inline-color has-black-color\">skakania z kajaka do wody,<\/span><\/li><li><span class=\"has-inline-color has-black-color\">gwa\u0142townego dobijania do brzegu lub przeszk\u00f3d,<\/span><\/li><li><span class=\"has-inline-color has-black-color\">przeci\u0105gania kajaka po l\u0105dzie oraz zrzucania go z pomost\u00f3w.<\/span><\/li><\/ul><\/li><li><span class=\"has-inline-color has-black-color\">Podczas korzystania ze sprz\u0119tu uczestnicy zobowi\u0105zani s\u0105 do:<\/span><ul><li><span class=\"has-inline-color has-black-color\">poszanowania \u015brodowiska naturalnego oraz zachowania ciszy i spokoju w miejscach wypoczynku innych os\u00f3b,<\/span><\/li><li><span class=\"has-inline-color has-black-color\">nieza\u015bmiecania otoczenia i niezak\u0142\u00f3cania porz\u0105dku publicznego.<\/span><\/li><\/ul><\/li><li><span class=\"has-inline-color has-black-color\">Za zgubienie, kradzie\u017c lub nieodwracalne zniszczenie sprz\u0119tu Uczestnik ponosi odpowiedzialno\u015b\u0107 materialn\u0105 w wysoko\u015bci jego warto\u015bci rynkowej, z uwzgl\u0119dnieniem stopnia amortyzacji.<\/span><\/li><li><span class=\"has-inline-color has-black-color\">W przypadku uszkodzenia sprz\u0119tu powsta\u0142ego w wyniku normalnego u\u017cytkowania \u2013 koszty naprawy i ewentualny dow\u00f3z sprz\u0119tu zast\u0119pczego ponosi firma.<\/span><\/li><li><span class=\"has-inline-color has-black-color\">Wszelkie spory zwi\u0105zane z us\u0142ug\u0105 b\u0119d\u0105 w pierwszej kolejno\u015bci rozwi\u0105zywane polubownie.<\/span><\/li><li><span class=\"has-inline-color has-black-color\">Firma nie ponosi odpowiedzialno\u015bci za:<\/span><ul><li><span class=\"has-inline-color has-black-color\">wywrotki, zatopienie sprz\u0119tu, utrat\u0119 baga\u017cu,<\/span><\/li><li><span class=\"has-inline-color has-black-color\">szkody wynikaj\u0105ce z nieszcz\u0119\u015bliwych wypadk\u00f3w,<\/span><\/li><li><span class=\"has-inline-color has-black-color\">szkody, jakim mog\u0142yby ulec pozostawione pojazdy (np. kradzie\u017c, uszkodzenia, dewastacje lub zdarzenia losowe).<\/span><\/li><\/ul><\/li><\/ol>\n\n\n\n<ol start=\"13\"><li><span class=\"has-inline-color has-black-color\">Ka\u017cdy uczestnik powinien we w\u0142asnym zakresie zapewni\u0107 sobie ubezpieczenie od nast\u0119pstw nieszcz\u0119\u015bliwych wypadk\u00f3w (NNW). Cena us\u0142ugi nie obejmuje takiego ubezpieczenia.<\/span><\/li><li><span class=\"has-inline-color has-black-color\">Firma nie wyst\u0119puje jako organizator imprezy turystycznej, lecz jako podmiot wypo\u017cyczaj\u0105cy sprz\u0119t. Odpowiedzialno\u015b\u0107 za przebieg sp\u0142ywu, w\u0142a\u015bciwy dob\u00f3r osad, przestrzeganie zasad bezpiecze\u0144stwa, kontrol\u0119 trze\u017awo\u015bci i zdrowia uczestnik\u00f3w oraz egzekwowanie noszenia kamizelek asekuracyjnych le\u017cy po stronie wypo\u017cyczaj\u0105cego.<\/span><\/li><li><span class=\"has-inline-color has-black-color\">Firma zastrzega sobie prawo do odmowy wydania sprz\u0119tu osobom b\u0119d\u0105cym pod wp\u0142ywem alkoholu lub innych \u015brodk\u00f3w odurzaj\u0105cych.<\/span><\/li><li><span class=\"has-inline-color has-black-color\">Wypo\u017cyczaj\u0105cy zobowi\u0105zany jest do sprawdzenia stanu technicznego sprz\u0119tu przed rozpocz\u0119ciem sp\u0142ywu oraz zg\u0142oszenia ewentualnych uwag. Sprz\u0119t (w tym kamizelki asekuracyjne i wios\u0142a) nale\u017cy u\u017cytkowa\u0107 zgodnie z jego przeznaczeniem.<\/span><\/li><li><span class=\"has-inline-color has-black-color\">Firma nie ponosi odpowiedzialno\u015bci za szkody wyrz\u0105dzone przez uczestnik\u00f3w sp\u0142ywu wobec os\u00f3b trzecich lub innych podmiot\u00f3w.<\/span><\/li><\/ol>\n\n\n\n<hr class=\"wp-block-separator\"\/>\n\n\n\n<h3><strong><span class=\"has-inline-color has-black-color\">\u00a76 ZASADY BEZPIECZE\u0143STWA<\/span><\/strong><\/h3>\n\n\n\n<ol><li><span class=\"has-inline-color has-black-color\">Zawsze licz si\u0119 z mo\u017cliwo\u015bci\u0105 wywrotki kajaka.<\/span><\/li><li><span class=\"has-inline-color has-black-color\">Wsiadaj i wysiadaj z kajaka ustawionego dziobem pod pr\u0105d rzeki.<\/span><\/li><li><span class=\"has-inline-color has-black-color\">Zwracaj uwag\u0119 na innych i pomagaj im w razie potrzeby.<\/span><\/li><li><span class=\"has-inline-color has-black-color\">Nigdy nie wsiadaj do kajaka po spo\u017cyciu alkoholu lub \u015brodk\u00f3w odurzaj\u0105cych.<\/span><\/li><li><span class=\"has-inline-color has-black-color\">Przed wyp\u0142yni\u0119ciem prze\u0107wicz wsiadanie i wysiadanie z kajaka i zachowaj ostro\u017cno\u015b\u0107 podczas tych czynno\u015bci.<\/span><\/li><li><span class=\"has-inline-color has-black-color\">Pami\u0119taj, kamizelka asekuracyjna nie s\u0142u\u017cy do siedzenia ani do dekoracji kajaka \u2013 no\u015b j\u0105 zawsze na sobie.<\/span><\/li><li><span class=\"has-inline-color has-black-color\">Nigdy nie p\u0142ywaj samotnie.<\/span><\/li><li><span class=\"has-inline-color has-black-color\">Uwa\u017caj na zm\u0119czenie, zbytnie wyzi\u0119bienie, zbyt du\u017co s\u0142o\u0144ca \u2013 pami\u0119taj o odzie\u017cy ochronnej i u\u017cywkach.<\/span><\/li><li><span class=\"has-inline-color has-black-color\">Dobierz w\u0142a\u015bciwie za\u0142ogi, \u0142\u0105cz\u0105c osoby s\u0142abo p\u0142ywaj\u0105ce i niedo\u015bwiadczone z osobami o wi\u0119kszym do\u015bwiadczeniu.<\/span><\/li><li><span class=\"has-inline-color has-black-color\">P\u0142yn\u0105c przez jeziora, trzymaj si\u0119 blisko brzegu; przy wi\u0119kszej fali staraj si\u0119 ustawia\u0107 kajak dziobem do fali.<\/span><\/li><li><span class=\"has-inline-color has-black-color\">Mierz si\u0142y na zamiary \u2013 je\u015bli zaczynasz przygod\u0119 z kajakarstwem, wybierz \u0142atwy odcinek rzeki.<\/span><\/li><li><span class=\"has-inline-color has-black-color\">Przed sp\u0142ywem zapoznaj si\u0119 z opisem rzeki, przeszkodami w nurcie i rozk\u0142adem przenosek.<\/span><\/li><li><span class=\"has-inline-color has-black-color\">Nigdy nie p\u0142ywaj noc\u0105; sp\u0142yw zawsze ko\u0144cz przed zachodem s\u0142o\u0144ca.<\/span><\/li><li><span class=\"has-inline-color has-black-color\">P\u0142yn\u0105c w grupie, sp\u0142yw otwiera osoba do\u015bwiadczona i znaj\u0105ca tras\u0119 \u2013 szlakowy; na ko\u0144cu p\u0142ynie osoba do\u015bwiadczona \u2013 zamkowy.\u200b<\/span><\/li><\/ol>\n\n\n\n<hr class=\"wp-block-separator\"\/>\n\n\n\n<h3><strong><span class=\"has-inline-color has-black-color\">\u00a77 POSTANOWIENIA KO\u0143COWE<\/span><\/strong><\/h3>\n\n\n\n<ol><li><span class=\"has-inline-color has-black-color\">Firma zastrzega sobie prawo do zmiany terminu, odwo\u0142ania lub przerwania sp\u0142ywu z przyczyn niezale\u017cnych (np. niekorzystne warunki pogodowe, zbyt wysoki lub niski stan wody).<\/span><\/li><li><span class=\"has-inline-color has-black-color\">W przypadku rezygnacji z udzia\u0142u w sp\u0142ywie, uczestnik zobowi\u0105zany jest do wcze\u015bniejszego powiadomienia Firmy..<\/span><\/li><li><span class=\"has-inline-color has-black-color\">W sprawach nieuregulowanych regulaminem decyzj\u0119 podejmuje Firma..<\/span><\/li><li><span class=\"has-inline-color has-black-color\">Osoby korzystaj\u0105ce z us\u0142ug firmy <strong>KAJAK EVENT<\/strong> maj\u0105 prawo do sk\u0142adania reklamacji w przypadku zauwa\u017cenia uchybie\u0144 w jako\u015bci \u015bwiadczonych us\u0142ug.<\/span><\/li><li><span class=\"has-inline-color has-black-color\">Reklamacje nale\u017cy zg\u0142asza\u0107 niezw\u0142ocznie po zauwa\u017ceniu nieprawid\u0142owo\u015bci, najlepiej w trakcie trwania us\u0142ugi.<\/span><\/li><li><span class=\"has-inline-color has-black-color\">Reklamacje w formie pisemnej przyjmowane s\u0105 za po\u015brednictwem poczty elektronicznej na adres: kontakt@kajakevent.pl lub osobi\u015bcie.<\/span><\/li><li><span class=\"has-inline-color has-black-color\">Reklamacje rozpatrywane s\u0105 w terminie do 14 dni kalendarzowych od daty ich zg\u0142oszenia.<\/span><\/li><li><span class=\"has-inline-color has-black-color\">W przypadku kwestii spornych zastosowanie maj\u0105 przepisy Kodeksu cywilnego.<\/span><\/li><li><span class=\"has-inline-color has-black-color\">Aktualna wersja regulaminu oraz ewentualne jego zmiany publikowane s\u0105 na stronie internetowej firmy: <a href=\"http:\/\/www.kajakevent.pl\">www.kajakevent.pl<\/a>.<\/span><\/li><\/ol>\n\n\n\n<hr class=\"wp-block-separator\"\/>\n\n\n\n<h3><strong><span class=\"has-inline-color has-black-color\">Potwierdzenie zapoznania si\u0119 z regulaminem<\/span><\/strong><\/h3>\n\n\n\n<p><span class=\"has-inline-color has-black-color\">Niniejszym o\u015bwiadczam, \u017ce zapozna\u0142em(-am) si\u0119 z tre\u015bci\u0105 <strong>Regulaminu Sp\u0142yw\u00f3w Kajakowych<\/strong> Firmy <strong>KAJAK EVENT Izabela Zmarz\u0142y<\/strong>, w pe\u0142ni go rozumiem i akceptuj\u0119 wszystkie zawarte w nim postanowienia. Zobowi\u0105zuj\u0119 si\u0119 do przestrzegania zasad bezpiecze\u0144stwa oraz odpowiedzialnego korzystania ze sprz\u0119tu i us\u0142ug oferowanych przez Firm\u0119.<\/span><\/p>\n\n\n\n<p><span class=\"has-inline-color has-black-color\"><strong>Miejscowo\u015b\u0107 i data:<\/strong> &#8230;&#8230;&#8230;&#8230;&#8230;&#8230;&#8230;&#8230;&#8230;&#8230;&#8230;&#8230;&#8230;&#8230;&#8230;&#8230;&#8230;&#8230;&#8230;&#8230;&#8230;..<\/span><\/p>\n\n\n\n<p><span class=\"has-inline-color has-black-color\"><strong>Imi\u0119 i nazwisko uczestnika (czytelnie):<\/strong> &#8230;&#8230;&#8230;&#8230;&#8230;&#8230;&#8230;&#8230;&#8230;&#8230;&#8230;&#8230;&#8230;&#8230;&#8230;&#8230;&#8230;&#8230;&#8230;&#8230;&#8230;..<\/span><\/p>\n\n\n\n<p><span class=\"has-inline-color has-black-color\"><strong>Podpis uczestnika:<\/strong> &#8230;&#8230;&#8230;&#8230;&#8230;&#8230;&#8230;&#8230;&#8230;&#8230;&#8230;&#8230;&#8230;&#8230;&#8230;&#8230;&#8230;&#8230;&#8230;&#8230;&#8230;..<\/span><\/p>\n\n\n\n<hr class=\"wp-block-separator\"\/>\n\n\n\n<p><strong><em><span class=\"has-inline-color has-black-color\">Imiona i nazwiska os\u00f3b niepe\u0142noletnich znajduj\u0105cych si\u0119 pod moj\u0105 opiek\u0105:<\/span><\/em><\/strong><\/p>\n\n\n\n<ol><li><em><span class=\"has-inline-color has-black-color\">&#8230;&#8230;&#8230;&#8230;&#8230;&#8230;&#8230;&#8230;&#8230;&#8230;&#8230;&#8230;&#8230;&#8230;&#8230;&#8230;&#8230;&#8230;&#8230;&#8230;&#8230;&#8230;&#8230;&#8230;&#8230;&#8230;&#8230;&#8230;.<\/span><br><\/em><\/li><li><em><span class=\"has-inline-color has-black-color\">&#8230;&#8230;&#8230;&#8230;&#8230;&#8230;&#8230;&#8230;&#8230;&#8230;&#8230;&#8230;&#8230;&#8230;&#8230;&#8230;&#8230;&#8230;&#8230;&#8230;&#8230;&#8230;&#8230;&#8230;&#8230;&#8230;&#8230;&#8230;.<\/span><br><\/em><\/li><li><em><span class=\"has-inline-color has-black-color\">&#8230;&#8230;&#8230;&#8230;&#8230;&#8230;&#8230;&#8230;&#8230;&#8230;&#8230;&#8230;&#8230;&#8230;&#8230;&#8230;&#8230;&#8230;&#8230;&#8230;&#8230;&#8230;&#8230;&#8230;&#8230;&#8230;&#8230;&#8230;.<\/span><br><\/em><\/li><li><em><span class=\"has-inline-color has-black-color\">&#8230;&#8230;&#8230;&#8230;&#8230;&#8230;&#8230;&#8230;&#8230;&#8230;&#8230;&#8230;&#8230;&#8230;&#8230;&#8230;&#8230;&#8230;&#8230;&#8230;&#8230;&#8230;&#8230;&#8230;&#8230;&#8230;&#8230;&#8230;.<\/span><\/em><\/li><\/ol>\n\n\n\n<div class=\"wp-block-file aligncenter\"><a href=\"http:\/\/www.kajakevent.pl\/wp-content\/uploads\/2026\/04\/REGULAMIN-SPLYWOW-KAJAKOWYCH-KAJAK-EVENT.pdf\">REGULAMIN-SPLYWOW-KAJAKOWYCH-KAJAK-EVENT<\/a><a href=\"http:\/\/www.kajakevent.pl\/wp-content\/uploads\/2026\/04\/REGULAMIN-SPLYWOW-KAJAKOWYCH-KAJAK-EVENT.pdf\" class=\"wp-block-file__button\" download>Pobierz<\/a><\/div>\n\n\n\n<p><\/p>\n","protected":false},"excerpt":{"rendered":"<p>REGULAMIN SP\u0141YW\u00d3W KAJAKOWYCHKAJAK EVENT Izabela Zmarz\u0142yul. Juliusza S\u0142owackiego 4\/3, 56-420 Bierut\u00f3wTel. +48 661 441 356 | E-mail: kontakt@kajakevent.plfacebook.com\/kajakevent | www.kajakevent.pl \u00a71 POSTANOWIENIA OG\u00d3LNE Regulamin okre\u015bla warunki rezerwacji sprz\u0119tu i korzystania z us\u0142ug firmy KAJAK EVENT Izabela Zmarz\u0142y z siedzib\u0105 w Bierutowie, ul. Juliusza S\u0142owackiego 4\/3, 56-420 zwanym dalej Firm\u0105. Dokonanie rezerwacji lub wypo\u017cyczenie sprz\u0119tu jest&hellip; <br \/> <a class=\"read-more\" href=\"http:\/\/www.kajakevent.pl\/?page_id=1748\">Czytaj dalej<\/a><\/p>\n","protected":false},"author":1,"featured_media":0,"parent":0,"menu_order":0,"comment_status":"closed","ping_status":"closed","template":"","meta":{"ngg_post_thumbnail":0},"_links":{"self":[{"href":"http:\/\/www.kajakevent.pl\/index.php?rest_route=\/wp\/v2\/pages\/1748"}],"collection":[{"href":"http:\/\/www.kajakevent.pl\/index.php?rest_route=\/wp\/v2\/pages"}],"about":[{"href":"http:\/\/www.kajakevent.pl\/index.php?rest_route=\/wp\/v2\/types\/page"}],"author":[{"embeddable":true,"href":"http:\/\/www.kajakevent.pl\/index.php?rest_route=\/wp\/v2\/users\/1"}],"replies":[{"embeddable":true,"href":"http:\/\/www.kajakevent.pl\/index.php?rest_route=%2Fwp%2Fv2%2Fcomments&post=1748"}],"version-history":[{"count":12,"href":"http:\/\/www.kajakevent.pl\/index.php?rest_route=\/wp\/v2\/pages\/1748\/revisions"}],"predecessor-version":[{"id":1770,"href":"http:\/\/www.kajakevent.pl\/index.php?rest_route=\/wp\/v2\/pages\/1748\/revisions\/1770"}],"wp:attachment":[{"href":"http:\/\/www.kajakevent.pl\/index.php?rest_route=%2Fwp%2Fv2%2Fmedia&parent=1748"}],"curies":[{"name":"wp","href":"https:\/\/api.w.org\/{rel}","templated":true}]}}