{"id":1434,"date":"2021-06-21T17:34:01","date_gmt":"2021-06-21T17:34:01","guid":{"rendered":"http:\/\/www.kajakevent.pl\/?page_id=1434"},"modified":"2026-04-20T17:48:40","modified_gmt":"2026-04-20T17:48:40","slug":"mesmerize","status":"publish","type":"page","link":"http:\/\/www.kajakevent.pl\/","title":{"rendered":"Front Page"},"content":{"rendered":"<div  id=\"overlappable-4\" class=\"overlappable-4 content-section content-section-spacing\" style=\"background-color: #ffffff; background-image: none;\" data-label=\"Overlappable\" data-id=\"overlappable-4\" data-export-id=\"overlappable-4\" data-category=\"overlappable\" data-overlap=\"true\">\n<div  class=\"gridContainer\">\n<div  class=\"row spaced-cols text-center\" data-type=\"row\">\n<div  class=\"col-xs-12 col-sm-4 col-padding col-md-4 \">\n<div  class=\"\" data-type=\"column\"><img  class=\"custom-image\" title=\"sp\u0142yw firmowy\" src=\"http:\/\/www.kajakevent.pl\/wp-content\/uploads\/2021\/06\/kayaking-1849871_640-Copy.png\" alt=\"\">&nbsp;&nbsp;\n<p  class=\"\">&nbsp;<\/p>\n<p  class=\"\">&nbsp;<\/p>\n\n<h5  class=\"\">SP\u0141YWY FIRMOWE<\/h5>\n<p  class=\"\">Zapraszamy do korzystania z naszych us\u0142ug firmy i instytucje, chc\u0105ce zorganizowa\u0107 aktywny wypoczynek dla swoich pracownik\u00f3w, klient\u00f3w czy te\u017c kontrahent\u00f3w. Program dostosowany jest do Pa\u0144stwa potrzeb.<\/p>\n\n<\/div>\n<\/div>\n<div  class=\"col-xs-12 col-sm-4 col-padding col-md-4 \">\n<div  class=\"\" data-type=\"column\"><img  class=\"custom-image\" title=\"2\" src=\"http:\/\/www.kajakevent.pl\/wp-content\/uploads\/2021\/06\/2.png\" alt=\"\">&nbsp;&nbsp;\n<p  class=\"\">&nbsp;<\/p>\n<p  class=\"\">&nbsp;<\/p>\n\n<h5  class=\"\">SP\u0141YWY RODZINNE<\/h5>\n<p  class=\"\">Oferujemy szkolne sp\u0142ywy kajakowe, kt\u00f3re s\u0105 wyj\u0105tkowo atrakcyjn\u0105 forma\nkontaktu m\u0142odzie\u017cy z przyrod\u0105 i daj\u0105 sposobno\u015b\u0107 do integrowania grupy\noraz przyswojenia zasad bezpiecznego wypoczynku nad wod\u0105.<\/p>\n\n<\/div>\n<\/div>\n<div  class=\"col-xs-12 col-sm-4 col-padding col-md-4 \">\n<div  class=\"\" data-type=\"column\"><img  class=\"custom-image\" title=\"3\" src=\"http:\/\/www.kajakevent.pl\/wp-content\/uploads\/2021\/06\/3.png\" alt=\"\">&nbsp;&nbsp;\n<p  class=\"\">&nbsp;<\/p>\n<p  class=\"\">&nbsp;<\/p>\n\n<h5  class=\"\">SP\u0141YWY DLA GRUP SZKOLNYCH<\/h5>\n<p  class=\"\">Oferujemy szkolne sp\u0142ywy kajakowe, kt\u00f3re s\u0105 wyj\u0105tkowo atrakcyjn\u0105 forma kontaktu m\u0142odzie\u017cy z przyrod\u0105 i daj\u0105 sposobno\u015b\u0107 do integrowania grupy oraz przyswojenia zasad bezpiecznego wypoczynku nad wod\u0105.<\/p>\n\n<\/div>\n<\/div>\n<div  class=\"col-xs-12 col-sm-4 col-padding col-md-4 \">\n<div  class=\"\" data-type=\"column\"><img  class=\"custom-image\" title=\"sp\u0142ywy jednodniowe\" src=\"http:\/\/www.kajakevent.pl\/wp-content\/uploads\/2021\/06\/canoeing-1149886_640-Copy.png\" alt=\"\">&nbsp;&nbsp;\n<p  class=\"\">&nbsp;<\/p>\n<p  class=\"\">&nbsp;<\/p>\n\n<h5  class=\"\">SP\u0141YWY JEDNODNIOWE<\/h5>\n<p  class=\"\">Um\u00f3w si\u0119 z nami na sp\u0142yw jednodniowy (kilkugodzinny) w okolicacach Wroc\u0142awia. Odcinki przeznaczone dla ka\u017cdego, niezale\u017cnie od stopnia do\u015bwiadczenia kajakowego.<\/p>\n<p  class=\"\">&nbsp;<\/p>\n\n<\/div>\n<\/div>\n<div  class=\"col-xs-12 col-sm-4 col-padding col-md-4 \">\n<div  class=\"\" data-type=\"column\"><img  class=\"custom-image\" title=\"cropped-cropped-Kajak-Event-42-1.jpg\" src=\"http:\/\/www.kajakevent.pl\/wp-content\/uploads\/2021\/06\/cropped-cropped-Kajak-Event-42-1-e1624395859763.jpg\" alt=\"\">&nbsp;&nbsp;\n<p  class=\"\">&nbsp;<\/p>\n<p  class=\"\">&nbsp;<\/p>\n\n<h5  class=\"\">SP\u0141YWY WEEKENDOWE<\/h5>\n<p  class=\"\">Sp\u0142ywy weekendowe to propozycja dla os\u00f3b, kt\u00f3re maj\u0105 troch\u0119 wi\u0119cej czasu wolnego i chcia\u0142yby go wykorzysta\u0107 aktywnie na wodzie i w otoczeniu przyrody.<\/p>\n<p  class=\"\">&nbsp;<\/p>\n\n<\/div>\n<\/div>\n<div  class=\"col-xs-12 col-sm-4 col-padding col-md-4 \">\n<div  class=\"\" data-type=\"column\"><img  class=\"custom-image\" title=\"w\u0142asny sp\u0142yw\" src=\"http:\/\/www.kajakevent.pl\/wp-content\/uploads\/2021\/06\/kayaking-4584408_640-Copy.png\" alt=\"\">&nbsp;&nbsp;\n<p  class=\"\">&nbsp;<\/p>\n<p  class=\"\">&nbsp;<\/p>\n\n<h5  class=\"\">ZORGANIZUJ W\u0141ASNY SP\u0141YW<\/h5>\n<p  class=\"\">Masz grup\u0119 znajomych wraz z kt\u00f3rymi chcia\u0142by\u015b powios\u0142owa\u0107? A mo\u017ce masz pomys\u0142 na imprez\u0119 okoliczno\u015bciw\u0105, kt\u00f3r\u0105 mo\u017cna aktywnie sp\u0119dzi\u0107 w kajaku? Nic prostszego!<\/p>\n<p  class=\"\">&nbsp;<\/p>\n\n<\/div>\n<\/div>\n<\/div>\n<\/div>\n<\/div><div  id=\"testimonials-5\" class=\"testimonials-5 content-section content-section-spacing\" style=\"background-color: #f5fafd; background-image: none;\" data-label=\"Testimonials\" data-id=\"testimonials-5\" data-export-id=\"testimonials-5\" data-category=\"testimonials\">\n<div  class=\"gridContainer\">\n<div  class=\"row\">\n<div  class=\"section-title-col\" data-type=\"column\">\n<h2  class=\"\">Opinie naszych klient\u00f3w<\/h2>\n<\/div>\n<\/div>\n<div  class=\"row spaced-cols content-center-sm\" data-type=\"row\">\n<div  class=\"col-sm-4\">\n<div  class=\"card y-move bordered\" data-type=\"column\"><i  class=\"fa fa-quote-right icon color1 small quotation-icon\"><\/i>&nbsp;&nbsp;\n<p  class=\"\">&nbsp;<\/p>\n<p  class=\"\">&nbsp;<\/p>\n<p  class=\"\">&nbsp;<\/p>\n<p  class=\"text-center\">Nowy czysty i zadbany sprz\u0119t. Trasa Namys\u0142\u00f3w-D\u0119bnik. Rzeka Widawa spokojnie meandruje przez co bezpiecznie mo\u017cna sp\u0142ywa\u0107 r\u00f3wnie\u017c z dzie\u0107mi. Przyjemna i profesjonalna obs\u0142uga. Ceny bardzo niskie.<\/p>\n<p  class=\"\"><img  class=\"round icon\" title=\"opinie klient\u00f3w\" src=\"http:\/\/www.kajakevent.pl\/wp-content\/uploads\/2021\/06\/cropped-IMG_20191109_060155.jpg\" alt=\"\"><\/p>\n\n<h6  class=\"\">Konrad i Magda<\/h6>\n<p  class=\"small italic\">&nbsp;<\/p>\n\n<\/div>\n<\/div>\n<div  class=\"col-sm-4\">\n<div  class=\"card y-move bordered\" data-type=\"column\"><i  class=\"fa fa-quote-right icon color1 small quotation-icon\"><\/i>&nbsp;&nbsp;\n<p  class=\"\">&nbsp;<\/p>\n<p  class=\"\">&nbsp;<\/p>\n<p  class=\"\">&nbsp;<\/p>\n<p  class=\"text-center\">Wyprawa kajakiem na trasie Namys\u0142\u00f3w-Bireut\u00f3w w sam raz na aktywny, niedzielny wypoczynek. \u015awietna organizacja, nowy sprz\u0119t, zadbanie o bezpiecze\u0144stwo uczestnik\u00f3w. Gor\u0105co polecamy !<\/p>\n<p  class=\"\"><img  class=\"round icon\" title=\"opinie klient\u00f3w\" src=\"http:\/\/www.kajakevent.pl\/wp-content\/uploads\/2021\/06\/cropped-Kajak-Event-35.jpg\" alt=\"\"><\/p>\n\n<h6  class=\"\">Ryszard i Teresa<\/h6>\n<p  class=\"small italic\">&nbsp;<\/p>\n\n<\/div>\n<\/div>\n<div  class=\"col-sm-4\">\n<div  class=\"card y-move bordered\" data-type=\"column\"><i  class=\"fa fa-quote-right icon color1 small quotation-icon\"><\/i>&nbsp;&nbsp;\n<p  class=\"\">&nbsp;<\/p>\n<p  class=\"\">&nbsp;<\/p>\n<p  class=\"\">&nbsp;<\/p>\n<p  class=\"text-center\">Nie s\u0105dzi\u0142em, \u017ce wyprawa kajakiem mo\u017ce sprawi\u0107 a\u017c tyle frajdy! Polecam firm\u0119 Kajak Event ka\u017cdemu, kto chce prze\u017cy\u0107 fajn\u0105 przygod\u0119 i spojrze\u0107 na otoczenie z nieco innej perspektywy. Naprawd\u0119 warto !<\/p>\n<p  class=\"\"><img  class=\"round icon\" title=\"cropped-1-17-scaled-1.jpg\" src=\"http:\/\/www.kajakevent.pl\/wp-content\/uploads\/2021\/06\/cropped-1-17-scaled-1.jpg\" alt=\"\"><\/p>\n\n<h6  class=\"\">Pawe\u0142<\/h6>\n<p  class=\"small italic\">&nbsp;<\/p>\n\n<\/div>\n<\/div>\n<\/div>\n<\/div>\n<\/div><div  id=\"cta-1\" class=\"cta-blue-section content-section content-section-spacing-medium bg-color1 white-text\" data-label=\"Cta\" data-id=\"cta--1\" data-export-id=\"cta-blue-section\" data-category=\"cta\">\n<div  class=\"gridContainer\">\n<div  class=\"row middle-xs\">\n<div  class=\"col-sm-8 space-bottom-xs\" data-type=\"column\">\n<h2  class=\"\">To jak, p\u0142yniemy? <span  class=\"font-300\">Skontaktuj si\u0119 z nami\ni prze\u017cyj niesamowit\u0105 przygod\u0119! <\/span><\/h2>\n<p  class=\"\">&nbsp;<\/p>\n\n<\/div>\n<div  class=\"col-sm-4 end-sm\" data-type=\"column\"><a class=\"button color2\" href=\"#\" target=\"_self\" rel=\"noopener\" data-cp-link=\"1\">SKONTAKTUJ SI\u0118<\/a><\/div>\n&nbsp;\n\n<\/div>\n<\/div>\n<\/div><div  id=\"latest-news-1\" class=\"blog-section blog-section-standard content-section content-section-spacing\" style=\"background-color: #ffffff; background-image: none;\" data-label=\"Latest-news\" data-id=\"blog-section\" data-export-id=\"blog-section\" data-category=\"latest_news\">\n<div  class=\"gridContainer\">\n<div  class=\"row\">\n<div  class=\"section-title-col\" data-type=\"column\">\n<h2  class=\"\">Aktualno\u015bci<\/h2>\n<p  class=\"lead\">W tym miejscu znajdziecie wszystkie informacje na temat aktualnie organizowanych sp\u0142yw\u00f3w, realcje z wypraw oraz r\u00f3\u017cne nowinki i ciekawostki z kajakarskiego \u015bwiata.<\/p>\n\n<\/div>\n<\/div>\n<div  class=\"row\">\n<div  data-type=\"row\" data-dynamic-columns=\"handled\" data-content-shortcode=\"mesmerize_latest_news\">        <div class=\"row center-sm content-left-sm\">\n            <\/div>\n    <\/div>\n<\/div>\n<div  class=\"row\">\n<div  class=\"text-center\"><a  class=\"button color1\" href=\"http:\/\/www.kajakevent.pl\/?post_type=post\" data-attr-shortcode=\"href:mesmerize_blog_link\">ZOBACZ WI\u0118CEJ<\/a><\/div>\n<\/div>\n<\/div>\n<\/div><div  id=\"contact-1\" class=\"contact-1 content-section content-section-spacing white-text\" style=\"background-image: url('http:\/\/www.kajakevent.pl\/wp-content\/uploads\/2021\/06\/IMG_20200719_091037567.jpg'); background-size: cover; background-position: center top;\" data-label=\"Contact\" data-id=\"contact-1\" data-export-id=\"contact-1\" data-category=\"contact\" data-parallax-depth=\"20\">\n<div  class=\"gridContainer\">\n<div  class=\"row text-center\">\n<div  class=\"section-title-col\" data-type=\"column\">\n<h2  class=\"\">Skontaktuj si\u0119 z nami<\/h2>\n<p  class=\"lead\">W celu zapisania si\u0119 na sp\u0142yw zapraszamy do wype\u0142nienia formularza rezerwacji.\nJe\u015bli potrzebuj\u0105 Pa\u0144stwo dodatkowych informacji zapraszamy do kontaktu mailowego lub telefonicznego.<\/p>\n<p  class=\"\">tel.: +48&nbsp;661 441 356&nbsp;e-mail: kontakt@kajakevent.pl<\/p>\n\n<\/div>\n<\/div>\n<div  class=\"row text-center\">\n<div  class=\"col-xs-12 col-sm-8 col-sm-offset-2 contact-form-wrapper inline-info\">\n<div  class=\"card large-padding\">\n<div  class=\"\" data-content-shortcode=\"mesmerize_contact_form shortcode=&quot;wpforms id=&amp;amp;quot;1431&amp;amp;quot;&quot;\" data-editable=\"true\"><div class=\"wpforms-container wpforms-container-full\" id=\"wpforms-1431\"><form id=\"wpforms-form-1431\" class=\"wpforms-validate wpforms-form\" data-formid=\"1431\" method=\"post\" enctype=\"multipart\/form-data\" action=\"\/index.php?rest_route=%2Fwp%2Fv2%2Fpages%2F1434\" data-token=\"b7f9a294613024c2d73b3b0f94732ec7\"><noscript class=\"wpforms-error-noscript\">Please enable JavaScript in your browser to complete this form.<\/noscript><div class=\"wpforms-field-container\"><div id=\"wpforms-1431-field_0-container\" class=\"wpforms-field wpforms-field-name\" data-field-id=\"0\"><label class=\"wpforms-field-label\" for=\"wpforms-1431-field_0\">Imi\u0119 i nazwisko <span class=\"wpforms-required-label\">*<\/span><\/label><input type=\"text\" id=\"wpforms-1431-field_0\" class=\"wpforms-field-medium wpforms-field-required\" name=\"wpforms[fields][0]\" required><\/div><div id=\"wpforms-1431-field_1-container\" class=\"wpforms-field wpforms-field-number\" data-field-id=\"1\"><label class=\"wpforms-field-label\" for=\"wpforms-1431-field_1\">Nr telefonu<\/label><input type=\"number\" pattern=\"\\d*\" id=\"wpforms-1431-field_1\" class=\"wpforms-field-medium\" name=\"wpforms[fields][1]\" ><\/div><div id=\"wpforms-1431-field_2-container\" class=\"wpforms-field wpforms-field-email\" data-field-id=\"2\"><label class=\"wpforms-field-label\" for=\"wpforms-1431-field_2\">Tw\u00f3j adres e-mail <span class=\"wpforms-required-label\">*<\/span><\/label><input type=\"email\" id=\"wpforms-1431-field_2\" class=\"wpforms-field-medium wpforms-field-required\" name=\"wpforms[fields][2]\" required><\/div><div id=\"wpforms-1431-field_3-container\" class=\"wpforms-field wpforms-field-text\" data-field-id=\"3\"><label class=\"wpforms-field-label\" for=\"wpforms-1431-field_3\">Temat<\/label><input type=\"text\" id=\"wpforms-1431-field_3\" class=\"wpforms-field-medium\" name=\"wpforms[fields][3]\" ><\/div><div id=\"wpforms-1431-field_4-container\" class=\"wpforms-field wpforms-field-textarea\" data-field-id=\"4\"><label class=\"wpforms-field-label\" for=\"wpforms-1431-field_4\">Tekst wiadmo\u015bci<\/label><textarea id=\"wpforms-1431-field_4\" class=\"wpforms-field-medium\" name=\"wpforms[fields][4]\" ><\/textarea><\/div><\/div><div class=\"wpforms-submit-container\" ><input type=\"hidden\" name=\"wpforms[id]\" value=\"1431\"><input type=\"hidden\" name=\"wpforms[author]\" value=\"1\"><button type=\"submit\" name=\"wpforms[submit]\" class=\"wpforms-submit \" id=\"wpforms-submit-1431\" value=\"wpforms-submit\" aria-live=\"assertive\" >Wy\u015blij<\/button><\/div><\/form><\/div>  <!-- .wpforms-container --><\/div>\n<\/div>\n<\/div>\n<\/div>\n<\/div>\n<\/div><figure  class=\"wp-block-gallery aligncenter columns-8 is-cropped\">\n<ul  class=\"blocks-gallery-grid\">\n \t<li  class=\"blocks-gallery-item\">&nbsp;<\/li>\n \t<li  class=\"blocks-gallery-item\">&nbsp;<\/li>\n \t<li  class=\"blocks-gallery-item\">&nbsp;<\/li>\n \t<li  class=\"blocks-gallery-item\">&nbsp;<\/li>\n \t<li  class=\"blocks-gallery-item\">&nbsp;<\/li>\n \t<li  class=\"blocks-gallery-item\">&nbsp;<\/li>\n \t<li  class=\"blocks-gallery-item\">&nbsp;<\/li>\n \t<li  class=\"blocks-gallery-item\">&nbsp;<\/li>\n<\/ul>\n<\/figure><h2  class=\"\" style=\"text-align: center;\">Galeria<\/h2><!-- default-view.php --><!-- default-view.php --><!-- default-view.php --><figure  class=\"wp-block-image size-large\"><img  loading=\"lazy\" class=\"wp-image-1730 aligncenter\" src=\"http:\/\/www.kajakevent.pl\/wp-content\/uploads\/2021\/06\/lgd-1024x181.png\" sizes=\"(max-width: 1024px) 100vw, 1024px\" srcset=\"http:\/\/www.kajakevent.pl\/wp-content\/uploads\/2021\/06\/lgd-1024x181.png 1024w, http:\/\/www.kajakevent.pl\/wp-content\/uploads\/2021\/06\/lgd-300x53.png 300w, http:\/\/www.kajakevent.pl\/wp-content\/uploads\/2021\/06\/lgd-768x136.png 768w, http:\/\/www.kajakevent.pl\/wp-content\/uploads\/2021\/06\/lgd.png 1110w\" alt=\"\" width=\"1024\" height=\"181\"><\/figure>","protected":false},"excerpt":{"rendered":"<p>&nbsp;&nbsp; &nbsp; &nbsp; SP\u0141YWY FIRMOWE Zapraszamy do korzystania z naszych us\u0142ug firmy i instytucje, chc\u0105ce zorganizowa\u0107 aktywny wypoczynek dla swoich pracownik\u00f3w, klient\u00f3w czy te\u017c kontrahent\u00f3w. Program dostosowany jest do Pa\u0144stwa potrzeb. &nbsp;&nbsp; &nbsp; &nbsp; SP\u0141YWY RODZINNE Oferujemy szkolne sp\u0142ywy kajakowe, kt\u00f3re s\u0105 wyj\u0105tkowo atrakcyjn\u0105 forma kontaktu m\u0142odzie\u017cy z przyrod\u0105 i daj\u0105 sposobno\u015b\u0107 do integrowania grupy&hellip; <br \/> <a class=\"read-more\" href=\"http:\/\/www.kajakevent.pl\/\">Czytaj dalej<\/a><\/p>\n","protected":false},"author":1,"featured_media":0,"parent":0,"menu_order":0,"comment_status":"closed","ping_status":"closed","template":"page-templates\/homepage.php","meta":{"ngg_post_thumbnail":0},"_links":{"self":[{"href":"http:\/\/www.kajakevent.pl\/index.php?rest_route=\/wp\/v2\/pages\/1434"}],"collection":[{"href":"http:\/\/www.kajakevent.pl\/index.php?rest_route=\/wp\/v2\/pages"}],"about":[{"href":"http:\/\/www.kajakevent.pl\/index.php?rest_route=\/wp\/v2\/types\/page"}],"author":[{"embeddable":true,"href":"http:\/\/www.kajakevent.pl\/index.php?rest_route=\/wp\/v2\/users\/1"}],"replies":[{"embeddable":true,"href":"http:\/\/www.kajakevent.pl\/index.php?rest_route=%2Fwp%2Fv2%2Fcomments&post=1434"}],"version-history":[{"count":39,"href":"http:\/\/www.kajakevent.pl\/index.php?rest_route=\/wp\/v2\/pages\/1434\/revisions"}],"predecessor-version":[{"id":1765,"href":"http:\/\/www.kajakevent.pl\/index.php?rest_route=\/wp\/v2\/pages\/1434\/revisions\/1765"}],"wp:attachment":[{"href":"http:\/\/www.kajakevent.pl\/index.php?rest_route=%2Fwp%2Fv2%2Fmedia&parent=1434"}],"curies":[{"name":"wp","href":"https:\/\/api.w.org\/{rel}","templated":true}]}}